{"id":150,"date":"2016-12-14T13:10:18","date_gmt":"2016-12-14T13:10:18","guid":{"rendered":"http:\/\/recycle.orionthemes.com\/demo-1\/?page_id=150"},"modified":"2022-06-14T20:46:20","modified_gmt":"2022-06-14T18:46:20","slug":"contact","status":"publish","type":"page","link":"https:\/\/aram.org.ro\/en\/contact\/","title":{"rendered":"Contact"},"content":{"rendered":"<div id=\"pl-150\"  class=\"panel-layout\" ><div id=\"pg-150-0\"  class=\"panel-grid panel-has-style\" ><div class=\"vertical_down orion-parallax siteorigin-panels-stretch tablet-default mobile-1-in-row desktop-default full-width-on-small-devices panel-row-style panel-row-style-for-150-0\" data-stretch-type=\"full\" ><div id=\"pgc-150-0-0\"  class=\"panel-grid-cell panel-grid-cell-empty\" ><\/div><div id=\"pgc-150-0-1\"  class=\"panel-grid-cell panel-grid-cell-mobile-last\" ><div class=\"overlay-c1 panel-cell-style panel-cell-style-for-150-0-1\" ><div id=\"panel-150-0-1-0\" class=\"so-panel widget widget_orion_heading_w panel-first-child\" data-index=\"0\" ><div class=\"orion mobile-text-center tablets-text-center default panel-widget-style panel-widget-style-for-150-0-1-0\" ><div\n\t\t\t\n\t\t\tclass=\"so-widget-orion_heading_w so-widget-orion_heading_w-base\"\n\t\t\t\n\t\t>\r\n\t\r\n\t\t\r\n\t<div class=\"row orion-heading\" style=\"margin-bottom:0px;\">\r\n\t\t<div class=\"col-md-12  separator-style-2 text-center style-h5 style-text-light\">\r\n\t\t\t<h5 class=\"text-light\">\r\n\t\t\t\tARAM\t\t\t<\/h5>\r\n\t\t<\/div>\r\n\t<\/div>\r\n\r\n\t<\/div><\/div><\/div><div id=\"panel-150-0-1-1\" class=\"so-panel widget widget_sow-editor panel-last-child\" data-index=\"1\" ><div class=\"orion mobile-text-center tablets-text-center text-light panel-widget-style panel-widget-style-for-150-0-1-1\" ><div\n\t\t\t\n\t\t\tclass=\"so-widget-sow-editor so-widget-sow-editor-base\"\n\t\t\t\n\t\t>\n<div class=\"siteorigin-widget-tinymce textwidget\">\n\t<h1 class=\"h2\" style=\"text-align: center;\"><strong>CONTACT<\/strong><\/h1>\n<\/div>\n<\/div><\/div><\/div><\/div><\/div><div id=\"pgc-150-0-2\"  class=\"panel-grid-cell panel-grid-cell-empty\" ><\/div><\/div><\/div><div id=\"pg-150-1\"  class=\"panel-grid panel-has-style\" ><div class=\"siteorigin-panels-stretch tablet-1-in-row mobile-1-in-row desktop-default panel-row-style panel-row-style-for-150-1\" style=\"background-position: center center; background-repeat: no-repeat; background-size:cover;\" data-stretch-type=\"full\" ><div id=\"pgc-150-1-0\"  class=\"panel-grid-cell\" ><div id=\"panel-150-1-0-0\" class=\"so-panel widget widget_sow-editor panel-first-child\" data-index=\"2\" ><div class=\"orion default panel-widget-style panel-widget-style-for-150-1-0-0\" ><div\n\t\t\t\n\t\t\tclass=\"so-widget-sow-editor so-widget-sow-editor-base\"\n\t\t\t\n\t\t>\n<div class=\"siteorigin-widget-tinymce textwidget\">\n\t<h2>Contact us!<\/h2>\n<p class=\"p1\">Vrei s\u0103 devii membru ARAM sau ai \u00eentreb\u0103ri legat de activitatea noastr\u0103?<\/p>\n<\/div>\n<\/div><\/div><\/div><div id=\"panel-150-1-0-1\" class=\"so-panel widget widget_orion_icon_text_w panel-last-child\" data-index=\"3\" ><div class=\"orion default panel-widget-style panel-widget-style-for-150-1-0-1\" ><div\n\t\t\t\n\t\t\tclass=\"so-widget-orion_icon_text_w so-widget-orion_icon_text_w-base\"\n\t\t\t\n\t\t>\r\n<div class=\"row icon-box-items-wrap grid short\">\r\n \r\n\t\r\n\t\t\r\n\t\t\r\n\t\t\t\t\r\n\t\t\r\n\t\t<div class=\"icon-box-wrap clearfix col-lg-12 col-sm-12\" style=\"margin-bottom:24px;\">\t\t\r\n\r\n\t\t\t<h5 class=\"item-title\">Headquarter<\/h5>\t\t\t\t\t\t\t<div class=\"icon-wrap absolute  square\">\r\n\t\t\t\t\t<span class=\"sow-icon-fontawesome sow-fas\" data-sow-icon=\"&#xf3c5;\"\n\t\tstyle=\"color: #fff; background-color: #44514e\" \n\t\taria-hidden=\"true\"><\/span>\t\t\t\t\t\t\t\t\t<\/div>\r\n\t\t\t\r\n\t\t\t\t\t\t\r\n\r\n\t\t\t<span class=\"description\">Ing. G. Constantinescu Str, no. 4B &amp; 2-4, Cl\u0103direa A, 6th floor, office no. OS 45, Bucharest<\/span>\r\n\r\n\t\t<\/div>\r\n\t\r\n\t\t\r\n\t\t\r\n\t\t\t\t\r\n\t\t\r\n\t\t<div class=\"icon-box-wrap clearfix col-lg-12 col-sm-12\" style=\"margin-bottom:24px;\">\t\t\r\n\r\n\t\t\t<h5 class=\"item-title\">Phone<\/h5>\t\t\t\t\t\t\t<div class=\"icon-wrap absolute  square\">\r\n\t\t\t\t\t<span class=\"sow-icon-fontawesome sow-fas\" data-sow-icon=\"&#xf095;\"\n\t\tstyle=\"color: #fff; background-color: #9cc026\" \n\t\taria-hidden=\"true\"><\/span>\t\t\t\t\t\t\t\t\t<\/div>\r\n\t\t\t\r\n\t\t\t\t\t\t\r\n\r\n\t\t\t<span class=\"description\">+40 721 931 492<\/span>\r\n\r\n\t\t<\/div>\r\n\t\r\n\t\t\r\n\t\t\r\n\t\t\t\t\r\n\t\t\r\n\t\t<div class=\"icon-box-wrap clearfix col-lg-12 col-sm-12\" style=\"margin-bottom:24px;\">\t\t\r\n\r\n\t\t\t<h5 class=\"item-title\">Email<\/h5>\t\t\t\t\t\t\t<div class=\"icon-wrap absolute  square\">\r\n\t\t\t\t\t<span class=\"sow-icon-fontawesome sow-far\" data-sow-icon=\"&#xf0e0;\"\n\t\tstyle=\"color: #fff; background-color: #22AA86\" \n\t\taria-hidden=\"true\"><\/span>\t\t\t\t\t\t\t\t\t<\/div>\r\n\t\t\t\r\n\t\t\t\t\t\t\r\n\r\n\t\t\t<span class=\"description\">office@aram.org.ro<\/span>\r\n\r\n\t\t<\/div>\r\n\t\r\n<\/div><\/div><\/div><\/div><\/div><div id=\"pgc-150-1-1\"  class=\"panel-grid-cell\" ><div id=\"panel-150-1-1-0\" class=\"so-panel widget widget_orion_cf7_w panel-first-child panel-last-child\" data-index=\"4\" ><div class=\"orion default panel-widget-style panel-widget-style-for-150-1-1-0\" ><div\n\t\t\t\n\t\t\tclass=\"so-widget-orion_cf7_w so-widget-orion_cf7_w-base\"\n\t\t\t\n\t\t>\r\n\r\n\n<div class=\"wpcf7 no-js\" id=\"wpcf7-f9-o1\" lang=\"en-US\" dir=\"ltr\" data-wpcf7-id=\"9\">\n<div class=\"screen-reader-response\"><p role=\"status\" aria-live=\"polite\" aria-atomic=\"true\"><\/p> <ul><\/ul><\/div>\n<form action=\"\/en\/wp-json\/wp\/v2\/pages\/150#wpcf7-f9-o1\" method=\"post\" class=\"wpcf7-form init\" aria-label=\"Contact form\" novalidate=\"novalidate\" data-status=\"init\" data-trp-original-action=\"\/en\/wp-json\/wp\/v2\/pages\/150#wpcf7-f9-o1\">\n<fieldset class=\"hidden-fields-container\"><input type=\"hidden\" name=\"_wpcf7\" value=\"9\" \/><input type=\"hidden\" name=\"_wpcf7_version\" value=\"6.1.5\" \/><input type=\"hidden\" name=\"_wpcf7_locale\" value=\"en_US\" \/><input type=\"hidden\" name=\"_wpcf7_unit_tag\" value=\"wpcf7-f9-o1\" \/><input type=\"hidden\" name=\"_wpcf7_container_post\" value=\"0\" \/><input type=\"hidden\" name=\"_wpcf7_posted_data_hash\" value=\"\" \/>\n<\/fieldset>\n<div class=\"cf7-form row\">\n\t<div class=\"col-md-6 name\">\n\t\t<p><span class=\"wpcf7-form-control-wrap\" data-name=\"text-name\"><input size=\"40\" maxlength=\"400\" class=\"wpcf7-form-control wpcf7-text wpcf7-validates-as-required\" aria-required=\"true\" aria-invalid=\"false\" placeholder=\"Your Full Name\" value=\"\" type=\"text\" name=\"text-name\" \/><\/span>\n\t\t<\/p>\n\t<\/div>\n\t<div class=\"col-md-6 company\">\n\t\t<p><span class=\"wpcf7-form-control-wrap\" data-name=\"text-company\"><input size=\"40\" maxlength=\"400\" class=\"wpcf7-form-control wpcf7-text\" aria-invalid=\"false\" placeholder=\"Company\" value=\"\" type=\"text\" name=\"text-company\" \/><\/span>\n\t\t<\/p>\n\t<\/div>\n\t<div class=\"col-md-6 email\">\n\t\t<p><span class=\"wpcf7-form-control-wrap\" data-name=\"email-777\"><input size=\"40\" maxlength=\"400\" class=\"wpcf7-form-control wpcf7-email wpcf7-validates-as-required wpcf7-text wpcf7-validates-as-email\" aria-required=\"true\" aria-invalid=\"false\" placeholder=\"Your E-mail\" value=\"\" type=\"email\" name=\"email-777\" \/><\/span>\n\t\t<\/p>\n\t<\/div>\n\t<div class=\"col-md-6 phone\">\n\t\t<p><span class=\"wpcf7-form-control-wrap\" data-name=\"text-phone\"><input size=\"40\" maxlength=\"400\" class=\"wpcf7-form-control wpcf7-text wpcf7-validates-as-required\" aria-required=\"true\" aria-invalid=\"false\" placeholder=\"Phone Number\" value=\"\" type=\"text\" name=\"text-phone\" \/><\/span>\n\t\t<\/p>\n\t<\/div>\n\t<div class=\"col-md-12\">\n\t\t<p><span class=\"wpcf7-form-control-wrap\" data-name=\"textarea-notes\"><textarea cols=\"40\" rows=\"10\" maxlength=\"2000\" class=\"wpcf7-form-control wpcf7-textarea\" aria-invalid=\"false\" placeholder=\"How can we help?\" name=\"textarea-notes\"><\/textarea><\/span>\n\t\t<\/p>\n\t<\/div>\n\t<div class=\"col-md-12 text-left\">\n\t\t<p><input class=\"wpcf7-form-control wpcf7-submit has-spinner btn btn-c1 btn-md\" type=\"submit\" value=\"Send\" \/>\n\t\t<\/p>\n\t<\/div>\n<\/div><div class=\"wpcf7-response-output\" aria-hidden=\"true\"><\/div>\n<input type=\"hidden\" name=\"trp-form-language\" value=\"en\"\/><\/form>\n<\/div>\n<\/div><\/div><\/div><\/div><\/div><\/div><\/div>","protected":false},"excerpt":{"rendered":"<p>CONTACT Contacteaz\u0103-ne! Vrei s\u0103 devii membru ARAM sau ai \u00eentreb\u0103ri legat de activitatea noastr\u0103?<\/p>","protected":false},"author":1,"featured_media":0,"parent":0,"menu_order":0,"comment_status":"closed","ping_status":"closed","template":"","meta":{"footnotes":""},"class_list":["post-150","page","type-page","status-publish","hentry"],"yoast_head":"<!-- This site is optimized with the Yoast SEO plugin v27.5 - https:\/\/yoast.com\/product\/yoast-seo-wordpress\/ -->\n<title>Contact - ASOCIATIA ROMANA PENTRU AMBALAJE SI MEDIU<\/title>\n<meta name=\"robots\" content=\"noindex, follow, max-snippet:-1, max-image-preview:large, max-video-preview:-1\" \/>\n<meta property=\"og:locale\" content=\"en_US\" \/>\n<meta property=\"og:type\" content=\"article\" \/>\n<meta property=\"og:title\" content=\"Contact - ASOCIATIA ROMANA PENTRU AMBALAJE SI MEDIU\" \/>\n<meta property=\"og:description\" content=\"CONTACT Contacteaz\u0103-ne! Vrei s\u0103 devii membru ARAM sau ai \u00eentreb\u0103ri legat de activitatea noastr\u0103?\" \/>\n<meta property=\"og:url\" content=\"https:\/\/aram.org.ro\/en\/contact\/\" \/>\n<meta property=\"og:site_name\" content=\"ASOCIATIA ROMANA PENTRU AMBALAJE SI MEDIU\" \/>\n<meta property=\"article:modified_time\" content=\"2022-06-14T18:46:20+00:00\" \/>\n<meta name=\"twitter:card\" content=\"summary_large_image\" \/>\n<meta name=\"twitter:label1\" content=\"Est. reading time\" \/>\n\t<meta name=\"twitter:data1\" content=\"1 minute\" \/>\n<script type=\"application\/ld+json\" class=\"yoast-schema-graph\">{\"@context\":\"https:\\\/\\\/schema.org\",\"@graph\":[{\"@type\":\"WebPage\",\"@id\":\"https:\\\/\\\/aram.org.ro\\\/contact\\\/\",\"url\":\"https:\\\/\\\/aram.org.ro\\\/contact\\\/\",\"name\":\"Contact - ASOCIATIA ROMANA PENTRU AMBALAJE SI MEDIU\",\"isPartOf\":{\"@id\":\"https:\\\/\\\/aram.org.ro\\\/#website\"},\"datePublished\":\"2016-12-14T13:10:18+00:00\",\"dateModified\":\"2022-06-14T18:46:20+00:00\",\"breadcrumb\":{\"@id\":\"https:\\\/\\\/aram.org.ro\\\/contact\\\/#breadcrumb\"},\"inLanguage\":\"en-US\",\"potentialAction\":[{\"@type\":\"ReadAction\",\"target\":[\"https:\\\/\\\/aram.org.ro\\\/contact\\\/\"]}]},{\"@type\":\"BreadcrumbList\",\"@id\":\"https:\\\/\\\/aram.org.ro\\\/contact\\\/#breadcrumb\",\"itemListElement\":[{\"@type\":\"ListItem\",\"position\":1,\"name\":\"Prima pagin\u0103\",\"item\":\"https:\\\/\\\/aram.org.ro\\\/\"},{\"@type\":\"ListItem\",\"position\":2,\"name\":\"Contact\"}]},{\"@type\":\"WebSite\",\"@id\":\"https:\\\/\\\/aram.org.ro\\\/#website\",\"url\":\"https:\\\/\\\/aram.org.ro\\\/\",\"name\":\"ASOCIATIA ROMANA PENTRU AMBALAJE SI MEDIU\",\"description\":\"\",\"publisher\":{\"@id\":\"https:\\\/\\\/aram.org.ro\\\/#organization\"},\"potentialAction\":[{\"@type\":\"SearchAction\",\"target\":{\"@type\":\"EntryPoint\",\"urlTemplate\":\"https:\\\/\\\/aram.org.ro\\\/?s={search_term_string}\"},\"query-input\":{\"@type\":\"PropertyValueSpecification\",\"valueRequired\":true,\"valueName\":\"search_term_string\"}}],\"inLanguage\":\"en-US\"},{\"@type\":\"Organization\",\"@id\":\"https:\\\/\\\/aram.org.ro\\\/#organization\",\"name\":\"ASOCIATIA ROMANA PENTRU AMBALAJE SI MEDIU\",\"url\":\"https:\\\/\\\/aram.org.ro\\\/\",\"logo\":{\"@type\":\"ImageObject\",\"inLanguage\":\"en-US\",\"@id\":\"https:\\\/\\\/aram.org.ro\\\/#\\\/schema\\\/logo\\\/image\\\/\",\"url\":\"https:\\\/\\\/aram.org.ro\\\/wp-content\\\/uploads\\\/2023\\\/04\\\/ARAM.jpg\",\"contentUrl\":\"https:\\\/\\\/aram.org.ro\\\/wp-content\\\/uploads\\\/2023\\\/04\\\/ARAM.jpg\",\"width\":900,\"height\":506,\"caption\":\"ASOCIATIA ROMANA PENTRU AMBALAJE SI MEDIU\"},\"image\":{\"@id\":\"https:\\\/\\\/aram.org.ro\\\/#\\\/schema\\\/logo\\\/image\\\/\"},\"sameAs\":[\"https:\\\/\\\/www.linkedin.com\\\/company\\\/aram-packaging\",\"https:\\\/\\\/www.youtube.com\\\/channel\\\/UCHMMTIGZLhWpWwbb3YHeYzQ\"]}]}<\/script>\n<!-- \/ Yoast SEO plugin. -->","yoast_head_json":{"title":"Contact - ASOCIATIA ROMANA PENTRU AMBALAJE SI MEDIU","robots":{"index":"noindex","follow":"follow","max-snippet":"max-snippet:-1","max-image-preview":"max-image-preview:large","max-video-preview":"max-video-preview:-1"},"og_locale":"en_US","og_type":"article","og_title":"Contact - ASOCIATIA ROMANA PENTRU AMBALAJE SI MEDIU","og_description":"CONTACT Contacteaz\u0103-ne! Vrei s\u0103 devii membru ARAM sau ai \u00eentreb\u0103ri legat de activitatea noastr\u0103?","og_url":"https:\/\/aram.org.ro\/en\/contact\/","og_site_name":"ASOCIATIA ROMANA PENTRU AMBALAJE SI MEDIU","article_modified_time":"2022-06-14T18:46:20+00:00","twitter_card":"summary_large_image","twitter_misc":{"Est. reading time":"1 minute"},"schema":{"@context":"https:\/\/schema.org","@graph":[{"@type":"WebPage","@id":"https:\/\/aram.org.ro\/contact\/","url":"https:\/\/aram.org.ro\/contact\/","name":"Contact - ASOCIATIA ROMANA PENTRU AMBALAJE SI MEDIU","isPartOf":{"@id":"https:\/\/aram.org.ro\/#website"},"datePublished":"2016-12-14T13:10:18+00:00","dateModified":"2022-06-14T18:46:20+00:00","breadcrumb":{"@id":"https:\/\/aram.org.ro\/contact\/#breadcrumb"},"inLanguage":"en-US","potentialAction":[{"@type":"ReadAction","target":["https:\/\/aram.org.ro\/contact\/"]}]},{"@type":"BreadcrumbList","@id":"https:\/\/aram.org.ro\/contact\/#breadcrumb","itemListElement":[{"@type":"ListItem","position":1,"name":"Prima pagin\u0103","item":"https:\/\/aram.org.ro\/"},{"@type":"ListItem","position":2,"name":"Contact"}]},{"@type":"WebSite","@id":"https:\/\/aram.org.ro\/#website","url":"https:\/\/aram.org.ro\/","name":"ASOCIATIA ROMANA PENTRU AMBALAJE SI MEDIU","description":"","publisher":{"@id":"https:\/\/aram.org.ro\/#organization"},"potentialAction":[{"@type":"SearchAction","target":{"@type":"EntryPoint","urlTemplate":"https:\/\/aram.org.ro\/?s={search_term_string}"},"query-input":{"@type":"PropertyValueSpecification","valueRequired":true,"valueName":"search_term_string"}}],"inLanguage":"en-US"},{"@type":"Organization","@id":"https:\/\/aram.org.ro\/#organization","name":"ASOCIATIA ROMANA PENTRU AMBALAJE SI MEDIU","url":"https:\/\/aram.org.ro\/","logo":{"@type":"ImageObject","inLanguage":"en-US","@id":"https:\/\/aram.org.ro\/#\/schema\/logo\/image\/","url":"https:\/\/aram.org.ro\/wp-content\/uploads\/2023\/04\/ARAM.jpg","contentUrl":"https:\/\/aram.org.ro\/wp-content\/uploads\/2023\/04\/ARAM.jpg","width":900,"height":506,"caption":"ASOCIATIA ROMANA PENTRU AMBALAJE SI MEDIU"},"image":{"@id":"https:\/\/aram.org.ro\/#\/schema\/logo\/image\/"},"sameAs":["https:\/\/www.linkedin.com\/company\/aram-packaging","https:\/\/www.youtube.com\/channel\/UCHMMTIGZLhWpWwbb3YHeYzQ"]}]}},"_links":{"self":[{"href":"https:\/\/aram.org.ro\/en\/wp-json\/wp\/v2\/pages\/150","targetHints":{"allow":["GET"]}}],"collection":[{"href":"https:\/\/aram.org.ro\/en\/wp-json\/wp\/v2\/pages"}],"about":[{"href":"https:\/\/aram.org.ro\/en\/wp-json\/wp\/v2\/types\/page"}],"author":[{"embeddable":true,"href":"https:\/\/aram.org.ro\/en\/wp-json\/wp\/v2\/users\/1"}],"replies":[{"embeddable":true,"href":"https:\/\/aram.org.ro\/en\/wp-json\/wp\/v2\/comments?post=150"}],"version-history":[{"count":27,"href":"https:\/\/aram.org.ro\/en\/wp-json\/wp\/v2\/pages\/150\/revisions"}],"predecessor-version":[{"id":2165,"href":"https:\/\/aram.org.ro\/en\/wp-json\/wp\/v2\/pages\/150\/revisions\/2165"}],"wp:attachment":[{"href":"https:\/\/aram.org.ro\/en\/wp-json\/wp\/v2\/media?parent=150"}],"curies":[{"name":"wp","href":"https:\/\/api.w.org\/{rel}","templated":true}]}}